{"id":412,"date":"2022-05-29T17:47:21","date_gmt":"2022-05-29T17:47:21","guid":{"rendered":"https:\/\/amdp.agromineralesdelpacifico.com\/?post_type=product&#038;p=412"},"modified":"2022-05-29T17:48:40","modified_gmt":"2022-05-29T17:48:40","slug":"oxid-oxido-de-calcio-25-kg","status":"publish","type":"product","link":"https:\/\/amdp.agromineralesdelpacifico.com\/index.php\/product\/oxid-oxido-de-calcio-25-kg\/","title":{"rendered":"OXID &#8211; \u00d3xido de Calcio 25 KG"},"content":{"rendered":"<p>Aumenta el pH de los suelos de tal forma que las condiciones del medio permiten un mejor desarrollo de las poblaciones de microorganismos y sirve como desinfectante para el estanque.<\/p>\n","protected":false},"excerpt":{"rendered":"<p>El pH \u00e1cido de estanques y lagos se puede regular empleando \u00d3xido de Calcio. En t\u00e9rminos generales, esto crea un ambiente m\u00e1s habitable para los organismos acu\u00e1ticos. Aumenta el pH de los suelos de tal forma que las condiciones del medio permiten un mejor desarrollo de las poblaciones de microorganismos. La cal viva se emplea en la desinfecci\u00f3n de estanques y en la lucha contra caracoles, eliminaci\u00f3n de larvas, huevos de par\u00e1sitos y sanguijuelas. El encalado sirve como un desinfectante para el estanque, pues mata los par\u00e1sitos y hu\u00e9spedes intermediarios, competidores animales y plantas verdes indeseables.<\/p>\n","protected":false},"featured_media":413,"comment_status":"open","ping_status":"closed","template":"","meta":{"site-sidebar-layout":"default","site-content-layout":"default","ast-site-content-layout":"default","site-content-style":"default","site-sidebar-style":"default","ast-global-header-display":"","ast-banner-title-visibility":"","ast-main-header-display":"","ast-hfb-above-header-display":"","ast-hfb-below-header-display":"","ast-hfb-mobile-header-display":"","site-post-title":"","ast-breadcrumbs-content":"","ast-featured-img":"","footer-sml-layout":"","ast-disable-related-posts":"","theme-transparent-header-meta":"default","adv-header-id-meta":"","stick-header-meta":"","header-above-stick-meta":"","header-main-stick-meta":"","header-below-stick-meta":"","astra-migrate-meta-layouts":"default","ast-page-background-enabled":"default","ast-page-background-meta":{"desktop":{"background-color":"var(--ast-global-color-4)","background-image":"","background-repeat":"repeat","background-position":"center center","background-size":"auto","background-attachment":"scroll","background-type":"","background-media":"","overlay-type":"","overlay-color":"","overlay-opacity":"","overlay-gradient":""},"tablet":{"background-color":"","background-image":"","background-repeat":"repeat","background-position":"center center","background-size":"auto","background-attachment":"scroll","background-type":"","background-media":"","overlay-type":"","overlay-color":"","overlay-opacity":"","overlay-gradient":""},"mobile":{"background-color":"","background-image":"","background-repeat":"repeat","background-position":"center center","background-size":"auto","background-attachment":"scroll","background-type":"","background-media":"","overlay-type":"","overlay-color":"","overlay-opacity":"","overlay-gradient":""}},"ast-content-background-meta":{"desktop":{"background-color":"var(--ast-global-color-5)","background-image":"","background-repeat":"repeat","background-position":"center center","background-size":"auto","background-attachment":"scroll","background-type":"","background-media":"","overlay-type":"","overlay-color":"","overlay-opacity":"","overlay-gradient":""},"tablet":{"background-color":"var(--ast-global-color-5)","background-image":"","background-repeat":"repeat","background-position":"center center","background-size":"auto","background-attachment":"scroll","background-type":"","background-media":"","overlay-type":"","overlay-color":"","overlay-opacity":"","overlay-gradient":""},"mobile":{"background-color":"var(--ast-global-color-5)","background-image":"","background-repeat":"repeat","background-position":"center center","background-size":"auto","background-attachment":"scroll","background-type":"","background-media":"","overlay-type":"","overlay-color":"","overlay-opacity":"","overlay-gradient":""}}},"product_cat":[21,22],"product_tag":[],"class_list":["post-412","product","type-product","status-publish","has-post-thumbnail","hentry","product_cat-productos","product_cat-productos-acuicolas-productos","desktop-align-left","tablet-align-left","mobile-align-left"],"_links":{"self":[{"href":"https:\/\/amdp.agromineralesdelpacifico.com\/index.php\/wp-json\/wp\/v2\/product\/412","targetHints":{"allow":["GET"]}}],"collection":[{"href":"https:\/\/amdp.agromineralesdelpacifico.com\/index.php\/wp-json\/wp\/v2\/product"}],"about":[{"href":"https:\/\/amdp.agromineralesdelpacifico.com\/index.php\/wp-json\/wp\/v2\/types\/product"}],"replies":[{"embeddable":true,"href":"https:\/\/amdp.agromineralesdelpacifico.com\/index.php\/wp-json\/wp\/v2\/comments?post=412"}],"wp:featuredmedia":[{"embeddable":true,"href":"https:\/\/amdp.agromineralesdelpacifico.com\/index.php\/wp-json\/wp\/v2\/media\/413"}],"wp:attachment":[{"href":"https:\/\/amdp.agromineralesdelpacifico.com\/index.php\/wp-json\/wp\/v2\/media?parent=412"}],"wp:term":[{"taxonomy":"product_cat","embeddable":true,"href":"https:\/\/amdp.agromineralesdelpacifico.com\/index.php\/wp-json\/wp\/v2\/product_cat?post=412"},{"taxonomy":"product_tag","embeddable":true,"href":"https:\/\/amdp.agromineralesdelpacifico.com\/index.php\/wp-json\/wp\/v2\/product_tag?post=412"}],"curies":[{"name":"wp","href":"https:\/\/api.w.org\/{rel}","templated":true}]}}