{"id":426,"date":"2022-05-29T18:05:04","date_gmt":"2022-05-29T18:05:04","guid":{"rendered":"https:\/\/amdp.agromineralesdelpacifico.com\/?post_type=product&#038;p=426"},"modified":"2022-05-29T18:05:07","modified_gmt":"2022-05-29T18:05:07","slug":"agrical-plus-50-carbonato-de-calcio-hidroxido-de-calcio-25-kg","status":"publish","type":"product","link":"https:\/\/amdp.agromineralesdelpacifico.com\/index.php\/product\/agrical-plus-50-carbonato-de-calcio-hidroxido-de-calcio-25-kg\/","title":{"rendered":"Agrical Plus 50 &#8211; Carbonato de Calcio &#8211; Hidr\u00f3xido de Calcio 25 KG"},"content":{"rendered":"<p>Eleva el pH del suelo, neutraliza los compuestos \u00e1cidos y detiene la ploriferaci\u00f3n de bacterias y nem\u00e1todos.<\/p>\n","protected":false},"excerpt":{"rendered":"<p>Agroperla 50-50 consiste en una mezcla de 50% Hidr\u00f3xido de Calcio y 50% Carbonato de Calcio, la cual ayuda a mantener la calidad de los suelos de cultivo, eleva el pH del suelo ocasionado por factores tales como: lluvia \u00e1cida, material parental, labranza inadecuada y exceso de aplicaci\u00f3n de fertilizantes.<\/p>\n<p>Neutraliza los compuestos \u00e1cidos, la planta aprovecha mejor los nutrientes, detiene la ploriferaci\u00f3n de algunos hongos, bacterias y nem\u00e1tados notablemente da\u00f1inos, de forma simult\u00e1nea inactiva el exceso de Hierro y aluminio.<\/p>\n","protected":false},"featured_media":427,"comment_status":"open","ping_status":"closed","template":"","meta":{"site-sidebar-layout":"default","site-content-layout":"default","ast-site-content-layout":"default","site-content-style":"default","site-sidebar-style":"default","ast-global-header-display":"","ast-banner-title-visibility":"","ast-main-header-display":"","ast-hfb-above-header-display":"","ast-hfb-below-header-display":"","ast-hfb-mobile-header-display":"","site-post-title":"","ast-breadcrumbs-content":"","ast-featured-img":"","footer-sml-layout":"","ast-disable-related-posts":"","theme-transparent-header-meta":"default","adv-header-id-meta":"","stick-header-meta":"","header-above-stick-meta":"","header-main-stick-meta":"","header-below-stick-meta":"","astra-migrate-meta-layouts":"default","ast-page-background-enabled":"default","ast-page-background-meta":{"desktop":{"background-color":"var(--ast-global-color-4)","background-image":"","background-repeat":"repeat","background-position":"center center","background-size":"auto","background-attachment":"scroll","background-type":"","background-media":"","overlay-type":"","overlay-color":"","overlay-opacity":"","overlay-gradient":""},"tablet":{"background-color":"","background-image":"","background-repeat":"repeat","background-position":"center center","background-size":"auto","background-attachment":"scroll","background-type":"","background-media":"","overlay-type":"","overlay-color":"","overlay-opacity":"","overlay-gradient":""},"mobile":{"background-color":"","background-image":"","background-repeat":"repeat","background-position":"center center","background-size":"auto","background-attachment":"scroll","background-type":"","background-media":"","overlay-type":"","overlay-color":"","overlay-opacity":"","overlay-gradient":""}},"ast-content-background-meta":{"desktop":{"background-color":"var(--ast-global-color-5)","background-image":"","background-repeat":"repeat","background-position":"center center","background-size":"auto","background-attachment":"scroll","background-type":"","background-media":"","overlay-type":"","overlay-color":"","overlay-opacity":"","overlay-gradient":""},"tablet":{"background-color":"var(--ast-global-color-5)","background-image":"","background-repeat":"repeat","background-position":"center center","background-size":"auto","background-attachment":"scroll","background-type":"","background-media":"","overlay-type":"","overlay-color":"","overlay-opacity":"","overlay-gradient":""},"mobile":{"background-color":"var(--ast-global-color-5)","background-image":"","background-repeat":"repeat","background-position":"center center","background-size":"auto","background-attachment":"scroll","background-type":"","background-media":"","overlay-type":"","overlay-color":"","overlay-opacity":"","overlay-gradient":""}}},"product_cat":[21,23],"product_tag":[],"class_list":["post-426","product","type-product","status-publish","has-post-thumbnail","hentry","product_cat-productos","product_cat-productos-agricolas","desktop-align-left","tablet-align-left","mobile-align-left"],"_links":{"self":[{"href":"https:\/\/amdp.agromineralesdelpacifico.com\/index.php\/wp-json\/wp\/v2\/product\/426","targetHints":{"allow":["GET"]}}],"collection":[{"href":"https:\/\/amdp.agromineralesdelpacifico.com\/index.php\/wp-json\/wp\/v2\/product"}],"about":[{"href":"https:\/\/amdp.agromineralesdelpacifico.com\/index.php\/wp-json\/wp\/v2\/types\/product"}],"replies":[{"embeddable":true,"href":"https:\/\/amdp.agromineralesdelpacifico.com\/index.php\/wp-json\/wp\/v2\/comments?post=426"}],"wp:featuredmedia":[{"embeddable":true,"href":"https:\/\/amdp.agromineralesdelpacifico.com\/index.php\/wp-json\/wp\/v2\/media\/427"}],"wp:attachment":[{"href":"https:\/\/amdp.agromineralesdelpacifico.com\/index.php\/wp-json\/wp\/v2\/media?parent=426"}],"wp:term":[{"taxonomy":"product_cat","embeddable":true,"href":"https:\/\/amdp.agromineralesdelpacifico.com\/index.php\/wp-json\/wp\/v2\/product_cat?post=426"},{"taxonomy":"product_tag","embeddable":true,"href":"https:\/\/amdp.agromineralesdelpacifico.com\/index.php\/wp-json\/wp\/v2\/product_tag?post=426"}],"curies":[{"name":"wp","href":"https:\/\/api.w.org\/{rel}","templated":true}]}}