{"id":431,"date":"2022-05-29T18:13:01","date_gmt":"2022-05-29T18:13:01","guid":{"rendered":"https:\/\/amdp.agromineralesdelpacifico.com\/?post_type=product&#038;p=431"},"modified":"2022-05-29T18:13:14","modified_gmt":"2022-05-29T18:13:14","slug":"agrical-plus-dolomitica-carbonato-de-magnesio-y-carbonato-de-calcio-25-kg","status":"publish","type":"product","link":"https:\/\/amdp.agromineralesdelpacifico.com\/index.php\/product\/agrical-plus-dolomitica-carbonato-de-magnesio-y-carbonato-de-calcio-25-kg\/","title":{"rendered":"Agrical Plus Dolom\u00edtica &#8211; Carbonato de Magnesio Y Carbonato de Calcio 25 KG"},"content":{"rendered":"<p>Funge como fertilizante enmendador de suelos, especialmente formulado para corregir problemas de acidez y aportar Calcio y Magnesio de disposici\u00f3n gradual para la planta.<\/p>\n","protected":false},"excerpt":{"rendered":"<p>Es un producto que est\u00e1 compuesto por el sustrato de rocas carb\u00f3nicas, por Carbonato doble de Calcio y Magnesio y funge como fertilizante enmendador de suelos especialmente formulado para corregir problemas de acidez y aportar Calcio y Magnesio de disposici\u00f3n gradual para la planta. Mejora significativamente el aprovechamiento de los nutrientes incorporados en el plan de fertilizaci\u00f3n (25 % a 40 %) y adem\u00e1s, permite liberar los nutrientes que en el suelo est\u00e1n presentes, pero que por situaciones qu\u00edmicas la planta no los puede aprovechar y neutraliza los suelos \u00e1cidos mejorando la producci\u00f3n de los cultivos.<br \/>\nTambi\u00e9n presenta beneficios como:<br \/>\n&#8211; Eleva el pH del suelo<br \/>\n&#8211; Favorece la actividad microbiol\u00f3gica<br \/>\n&#8211; Suministra Calcio y con Dolomita Magnesio<br \/>\n&#8211; Incrementa la disponibilidad de F\u00f3sforo, Nitr\u00f3geno, Potasio y Molibdeno<br \/>\n&#8211; Neutraliza el efecto fitot\u00f3xico del Aluminio y Manganeso<br \/>\n&#8211; Mejora la estructura del suelo<br \/>\n&#8211; Incrementa el rendimiento y calidad de las cosechas de cultivos sensibles a la acidez<\/p>\n<p>La Dolomita es el causante del desarrollo y crecimiento de ra\u00edces, adem\u00e1s de la correcta producci\u00f3n de clorofila, que es la encargada de darle el color verde a las plantas y por lo general es deficiente en suelos \u00e1cidos. El Magnesio est\u00e1 directamente relacionado con el nivel de pH, y adem\u00e1s es el nutriente que m\u00e1s sistemas enzim\u00e1ticos activa lo cual es vital para el proceso de fotos\u00edntesis y muy importante en el llenado de granos y frutos.<\/p>\n","protected":false},"featured_media":432,"comment_status":"open","ping_status":"closed","template":"","meta":{"site-sidebar-layout":"default","site-content-layout":"default","ast-site-content-layout":"default","site-content-style":"default","site-sidebar-style":"default","ast-global-header-display":"","ast-banner-title-visibility":"","ast-main-header-display":"","ast-hfb-above-header-display":"","ast-hfb-below-header-display":"","ast-hfb-mobile-header-display":"","site-post-title":"","ast-breadcrumbs-content":"","ast-featured-img":"","footer-sml-layout":"","ast-disable-related-posts":"","theme-transparent-header-meta":"default","adv-header-id-meta":"","stick-header-meta":"","header-above-stick-meta":"","header-main-stick-meta":"","header-below-stick-meta":"","astra-migrate-meta-layouts":"default","ast-page-background-enabled":"default","ast-page-background-meta":{"desktop":{"background-color":"var(--ast-global-color-4)","background-image":"","background-repeat":"repeat","background-position":"center center","background-size":"auto","background-attachment":"scroll","background-type":"","background-media":"","overlay-type":"","overlay-color":"","overlay-opacity":"","overlay-gradient":""},"tablet":{"background-color":"","background-image":"","background-repeat":"repeat","background-position":"center center","background-size":"auto","background-attachment":"scroll","background-type":"","background-media":"","overlay-type":"","overlay-color":"","overlay-opacity":"","overlay-gradient":""},"mobile":{"background-color":"","background-image":"","background-repeat":"repeat","background-position":"center center","background-size":"auto","background-attachment":"scroll","background-type":"","background-media":"","overlay-type":"","overlay-color":"","overlay-opacity":"","overlay-gradient":""}},"ast-content-background-meta":{"desktop":{"background-color":"var(--ast-global-color-5)","background-image":"","background-repeat":"repeat","background-position":"center center","background-size":"auto","background-attachment":"scroll","background-type":"","background-media":"","overlay-type":"","overlay-color":"","overlay-opacity":"","overlay-gradient":""},"tablet":{"background-color":"var(--ast-global-color-5)","background-image":"","background-repeat":"repeat","background-position":"center center","background-size":"auto","background-attachment":"scroll","background-type":"","background-media":"","overlay-type":"","overlay-color":"","overlay-opacity":"","overlay-gradient":""},"mobile":{"background-color":"var(--ast-global-color-5)","background-image":"","background-repeat":"repeat","background-position":"center center","background-size":"auto","background-attachment":"scroll","background-type":"","background-media":"","overlay-type":"","overlay-color":"","overlay-opacity":"","overlay-gradient":""}}},"product_cat":[21,23],"product_tag":[],"class_list":["post-431","product","type-product","status-publish","has-post-thumbnail","hentry","product_cat-productos","product_cat-productos-agricolas","desktop-align-left","tablet-align-left","mobile-align-left"],"_links":{"self":[{"href":"https:\/\/amdp.agromineralesdelpacifico.com\/index.php\/wp-json\/wp\/v2\/product\/431","targetHints":{"allow":["GET"]}}],"collection":[{"href":"https:\/\/amdp.agromineralesdelpacifico.com\/index.php\/wp-json\/wp\/v2\/product"}],"about":[{"href":"https:\/\/amdp.agromineralesdelpacifico.com\/index.php\/wp-json\/wp\/v2\/types\/product"}],"replies":[{"embeddable":true,"href":"https:\/\/amdp.agromineralesdelpacifico.com\/index.php\/wp-json\/wp\/v2\/comments?post=431"}],"wp:featuredmedia":[{"embeddable":true,"href":"https:\/\/amdp.agromineralesdelpacifico.com\/index.php\/wp-json\/wp\/v2\/media\/432"}],"wp:attachment":[{"href":"https:\/\/amdp.agromineralesdelpacifico.com\/index.php\/wp-json\/wp\/v2\/media?parent=431"}],"wp:term":[{"taxonomy":"product_cat","embeddable":true,"href":"https:\/\/amdp.agromineralesdelpacifico.com\/index.php\/wp-json\/wp\/v2\/product_cat?post=431"},{"taxonomy":"product_tag","embeddable":true,"href":"https:\/\/amdp.agromineralesdelpacifico.com\/index.php\/wp-json\/wp\/v2\/product_tag?post=431"}],"curies":[{"name":"wp","href":"https:\/\/api.w.org\/{rel}","templated":true}]}}