{"id":446,"date":"2022-05-29T20:21:25","date_gmt":"2022-05-29T20:21:25","guid":{"rendered":"https:\/\/amdp.agromineralesdelpacifico.com\/?post_type=product&#038;p=446"},"modified":"2022-05-29T20:21:25","modified_gmt":"2022-05-29T20:21:25","slug":"quimex-90-hidroxido-de-calcio-90-25kg","status":"publish","type":"product","link":"https:\/\/amdp.agromineralesdelpacifico.com\/index.php\/product\/quimex-90-hidroxido-de-calcio-90-25kg\/","title":{"rendered":"QUIMEX 90 &#8211; Hidr\u00f3xido de Calcio 90% 25KG"},"content":{"rendered":"<p>Neutraliza \u00e1cidos, ajusta el pH y detiene la proliferaci\u00f3n de algunos hongos, bacterias y nem\u00e1tados. Se emplea ampliamente para tratar aguas residuales y efluentes.<\/p>\n","protected":false},"excerpt":{"rendered":"<p>Uso Agr\u00edcola y Acu\u00edcola:<br \/>\nHidr\u00f3xido de Calcio 90% se utiliza con la finalidad de neutralizar \u00e1cidos y ajustar el pH. A\u00f1o con a\u00f1o los suelos se ven afectados por la presencia de lluvias \u00e1cidas, uso desmedido de fertilizantes y agotamiento prematuro, lo que los acidfica y empobrece en exceso. El encalado de suelos con cales hidratadas, cal sider\u00fargica o piedra caliza es de gran utilidad, ya que neutraliza los compuestos \u00e1cidos, regenera el pH para que las plantas aprovechen los nutrientes, detiene la proliferaci\u00f3n de algunos hongos, bacterias y nem\u00e1tados notablemente da\u00f1inos, de forma simult\u00e1nea inactiva el exceso de hierro, aluminio y elementos no deseados en los cultivos.<\/p>\n<p>Uso Industrial:<br \/>\nEn la producci\u00f3n tanto de ca\u00f1a como de remolacha, la cal es utilizada para su reactivaci\u00f3n. Esta act\u00faa directamente en el proceso de clarificaci\u00f3n y alcalinizado del jugo de ca\u00f1a, sin embargo; tambi\u00e9n es utilizada en el proceso de refinaci\u00f3n del az\u00facar, teniendo dos principales funciones: incrementar el pH y aglomerar y flocular las diversas impurezas contenidas en el jugo de ca\u00f1a.<br \/>\nLa cal hidratada se utiliza frecuentemente en la purificaci\u00f3n de agua potable para consumo humano; de hecho, en t\u00e9rminos de cantidad, incluso compite con el cloro, como el qu\u00edmico m\u00e1s empleado en el tratamiento de aguas, los distintos tipos de cal se emplean ampliamente para tratar aguas residuales y efluentes.<\/p>\n","protected":false},"featured_media":557,"comment_status":"open","ping_status":"closed","template":"","meta":{"site-sidebar-layout":"default","site-content-layout":"default","ast-site-content-layout":"default","site-content-style":"default","site-sidebar-style":"default","ast-global-header-display":"","ast-banner-title-visibility":"","ast-main-header-display":"","ast-hfb-above-header-display":"","ast-hfb-below-header-display":"","ast-hfb-mobile-header-display":"","site-post-title":"","ast-breadcrumbs-content":"","ast-featured-img":"","footer-sml-layout":"","ast-disable-related-posts":"","theme-transparent-header-meta":"default","adv-header-id-meta":"","stick-header-meta":"","header-above-stick-meta":"","header-main-stick-meta":"","header-below-stick-meta":"","astra-migrate-meta-layouts":"default","ast-page-background-enabled":"default","ast-page-background-meta":{"desktop":{"background-color":"var(--ast-global-color-4)","background-image":"","background-repeat":"repeat","background-position":"center center","background-size":"auto","background-attachment":"scroll","background-type":"","background-media":"","overlay-type":"","overlay-color":"","overlay-opacity":"","overlay-gradient":""},"tablet":{"background-color":"","background-image":"","background-repeat":"repeat","background-position":"center center","background-size":"auto","background-attachment":"scroll","background-type":"","background-media":"","overlay-type":"","overlay-color":"","overlay-opacity":"","overlay-gradient":""},"mobile":{"background-color":"","background-image":"","background-repeat":"repeat","background-position":"center center","background-size":"auto","background-attachment":"scroll","background-type":"","background-media":"","overlay-type":"","overlay-color":"","overlay-opacity":"","overlay-gradient":""}},"ast-content-background-meta":{"desktop":{"background-color":"var(--ast-global-color-5)","background-image":"","background-repeat":"repeat","background-position":"center center","background-size":"auto","background-attachment":"scroll","background-type":"","background-media":"","overlay-type":"","overlay-color":"","overlay-opacity":"","overlay-gradient":""},"tablet":{"background-color":"var(--ast-global-color-5)","background-image":"","background-repeat":"repeat","background-position":"center center","background-size":"auto","background-attachment":"scroll","background-type":"","background-media":"","overlay-type":"","overlay-color":"","overlay-opacity":"","overlay-gradient":""},"mobile":{"background-color":"var(--ast-global-color-5)","background-image":"","background-repeat":"repeat","background-position":"center center","background-size":"auto","background-attachment":"scroll","background-type":"","background-media":"","overlay-type":"","overlay-color":"","overlay-opacity":"","overlay-gradient":""}}},"product_cat":[21,22,24],"product_tag":[],"class_list":["post-446","product","type-product","status-publish","has-post-thumbnail","hentry","product_cat-productos","product_cat-productos-acuicolas-productos","product_cat-productos-industriales","desktop-align-left","tablet-align-left","mobile-align-left"],"_links":{"self":[{"href":"https:\/\/amdp.agromineralesdelpacifico.com\/index.php\/wp-json\/wp\/v2\/product\/446","targetHints":{"allow":["GET"]}}],"collection":[{"href":"https:\/\/amdp.agromineralesdelpacifico.com\/index.php\/wp-json\/wp\/v2\/product"}],"about":[{"href":"https:\/\/amdp.agromineralesdelpacifico.com\/index.php\/wp-json\/wp\/v2\/types\/product"}],"replies":[{"embeddable":true,"href":"https:\/\/amdp.agromineralesdelpacifico.com\/index.php\/wp-json\/wp\/v2\/comments?post=446"}],"wp:featuredmedia":[{"embeddable":true,"href":"https:\/\/amdp.agromineralesdelpacifico.com\/index.php\/wp-json\/wp\/v2\/media\/557"}],"wp:attachment":[{"href":"https:\/\/amdp.agromineralesdelpacifico.com\/index.php\/wp-json\/wp\/v2\/media?parent=446"}],"wp:term":[{"taxonomy":"product_cat","embeddable":true,"href":"https:\/\/amdp.agromineralesdelpacifico.com\/index.php\/wp-json\/wp\/v2\/product_cat?post=446"},{"taxonomy":"product_tag","embeddable":true,"href":"https:\/\/amdp.agromineralesdelpacifico.com\/index.php\/wp-json\/wp\/v2\/product_tag?post=446"}],"curies":[{"name":"wp","href":"https:\/\/api.w.org\/{rel}","templated":true}]}}