{"id":467,"date":"2022-05-29T19:06:05","date_gmt":"2022-05-29T19:06:05","guid":{"rendered":"https:\/\/amdp.agromineralesdelpacifico.com\/?post_type=product&#038;p=467"},"modified":"2022-05-29T19:17:27","modified_gmt":"2022-05-29T19:17:27","slug":"yeso-agricola-chuviscar-sulfato-de-calcio-25kg","status":"publish","type":"product","link":"https:\/\/amdp.agromineralesdelpacifico.com\/index.php\/product\/yeso-agricola-chuviscar-sulfato-de-calcio-25kg\/","title":{"rendered":"Yeso Agr\u00edcola Chuviscar &#8211; Sulfato de Calcio 40KG"},"content":{"rendered":"<p>Ideal para la estabilizaci\u00f3n de suelos y la liberaci\u00f3n de los nutrientes esenciales para los cultivos, fertilizante y mejorador de suelos salinos sin sustancias qu\u00edmicas ni materiales sint\u00e9ticos. Puede ser utilizado en cultivos tradicionales y org\u00e1nicos.<\/p>\n","protected":false},"excerpt":{"rendered":"<p>Es un producto org\u00e1nico certificado que constituye la mejor alternativa ecol\u00f3gica para la estabilizaci\u00f3n de suelos y la liberaci\u00f3n de los nutrientes esenciales para los cultivos, es fertilizante y mejorador de suelos salinos sin sustancias qu\u00edmicas ni materiales sint\u00e9ticos. Tiene la capacidad de ser utilizado en cultivos tradicionales y org\u00e1nicos.<\/p>\n<ul>\n<li>Neutraliza el sodio del suelo.<\/li>\n<li>Mejora la infiltraci\u00f3n de agua.<\/li>\n<li>Fomenta la absorci\u00f3n del agua en las plantas.<\/li>\n<li>Incrementa el intercambio de nutrientes.<\/li>\n<li>Favorece el crecimiento de ra\u00edces.<\/li>\n<li>Controla la erosi\u00f3n del suelo.<\/li>\n<li>Reduce la p\u00e9rdida de nitr\u00f3geno, estimulando la actividad de las bacterias que nitrifican la tierra.<\/li>\n<li>Mejora la calidad y cantidad del fruto.<\/li>\n<li>Reduce la formaci\u00f3n de costras sobre la superficie del suelo.<\/li>\n<\/ul>\n","protected":false},"featured_media":469,"comment_status":"open","ping_status":"closed","template":"","meta":{"site-sidebar-layout":"default","site-content-layout":"default","ast-site-content-layout":"default","site-content-style":"default","site-sidebar-style":"default","ast-global-header-display":"","ast-banner-title-visibility":"","ast-main-header-display":"","ast-hfb-above-header-display":"","ast-hfb-below-header-display":"","ast-hfb-mobile-header-display":"","site-post-title":"","ast-breadcrumbs-content":"","ast-featured-img":"","footer-sml-layout":"","ast-disable-related-posts":"","theme-transparent-header-meta":"default","adv-header-id-meta":"","stick-header-meta":"","header-above-stick-meta":"","header-main-stick-meta":"","header-below-stick-meta":"","astra-migrate-meta-layouts":"default","ast-page-background-enabled":"default","ast-page-background-meta":{"desktop":{"background-color":"var(--ast-global-color-4)","background-image":"","background-repeat":"repeat","background-position":"center center","background-size":"auto","background-attachment":"scroll","background-type":"","background-media":"","overlay-type":"","overlay-color":"","overlay-opacity":"","overlay-gradient":""},"tablet":{"background-color":"","background-image":"","background-repeat":"repeat","background-position":"center center","background-size":"auto","background-attachment":"scroll","background-type":"","background-media":"","overlay-type":"","overlay-color":"","overlay-opacity":"","overlay-gradient":""},"mobile":{"background-color":"","background-image":"","background-repeat":"repeat","background-position":"center center","background-size":"auto","background-attachment":"scroll","background-type":"","background-media":"","overlay-type":"","overlay-color":"","overlay-opacity":"","overlay-gradient":""}},"ast-content-background-meta":{"desktop":{"background-color":"var(--ast-global-color-5)","background-image":"","background-repeat":"repeat","background-position":"center center","background-size":"auto","background-attachment":"scroll","background-type":"","background-media":"","overlay-type":"","overlay-color":"","overlay-opacity":"","overlay-gradient":""},"tablet":{"background-color":"var(--ast-global-color-5)","background-image":"","background-repeat":"repeat","background-position":"center center","background-size":"auto","background-attachment":"scroll","background-type":"","background-media":"","overlay-type":"","overlay-color":"","overlay-opacity":"","overlay-gradient":""},"mobile":{"background-color":"var(--ast-global-color-5)","background-image":"","background-repeat":"repeat","background-position":"center center","background-size":"auto","background-attachment":"scroll","background-type":"","background-media":"","overlay-type":"","overlay-color":"","overlay-opacity":"","overlay-gradient":""}}},"product_cat":[21,23],"product_tag":[],"class_list":["post-467","product","type-product","status-publish","has-post-thumbnail","hentry","product_cat-productos","product_cat-productos-agricolas","desktop-align-left","tablet-align-left","mobile-align-left"],"_links":{"self":[{"href":"https:\/\/amdp.agromineralesdelpacifico.com\/index.php\/wp-json\/wp\/v2\/product\/467","targetHints":{"allow":["GET"]}}],"collection":[{"href":"https:\/\/amdp.agromineralesdelpacifico.com\/index.php\/wp-json\/wp\/v2\/product"}],"about":[{"href":"https:\/\/amdp.agromineralesdelpacifico.com\/index.php\/wp-json\/wp\/v2\/types\/product"}],"replies":[{"embeddable":true,"href":"https:\/\/amdp.agromineralesdelpacifico.com\/index.php\/wp-json\/wp\/v2\/comments?post=467"}],"wp:featuredmedia":[{"embeddable":true,"href":"https:\/\/amdp.agromineralesdelpacifico.com\/index.php\/wp-json\/wp\/v2\/media\/469"}],"wp:attachment":[{"href":"https:\/\/amdp.agromineralesdelpacifico.com\/index.php\/wp-json\/wp\/v2\/media?parent=467"}],"wp:term":[{"taxonomy":"product_cat","embeddable":true,"href":"https:\/\/amdp.agromineralesdelpacifico.com\/index.php\/wp-json\/wp\/v2\/product_cat?post=467"},{"taxonomy":"product_tag","embeddable":true,"href":"https:\/\/amdp.agromineralesdelpacifico.com\/index.php\/wp-json\/wp\/v2\/product_tag?post=467"}],"curies":[{"name":"wp","href":"https:\/\/api.w.org\/{rel}","templated":true}]}}