{"id":499,"date":"2022-05-29T19:29:40","date_gmt":"2022-05-29T19:29:40","guid":{"rendered":"https:\/\/amdp.agromineralesdelpacifico.com\/?post_type=product&#038;p=499"},"modified":"2022-05-29T19:31:47","modified_gmt":"2022-05-29T19:31:47","slug":"yeso-maximo-agricola-sulfato-de-calcio-dihidratado-40kg","status":"publish","type":"product","link":"https:\/\/amdp.agromineralesdelpacifico.com\/index.php\/product\/yeso-maximo-agricola-sulfato-de-calcio-dihidratado-40kg\/","title":{"rendered":"Yeso M\u00c1XIMO Agr\u00edcola &#8211; Sulfato de Calcio Dihidratado 40KG"},"content":{"rendered":"<p>Enmendador y acondicionador de suelos, elimina el exceso de sales y sodio y aumenta el contenido del calcio y azufre. Adem\u00e1s, es un soporte para generar un balance entre el magnesio, el potasio y los micronutrientes.<\/p>\n","protected":false},"excerpt":{"rendered":"<p>Yeso Agr\u00edcola M\u00e1ximo es un compuesto mineral de origen natural t\u00e9cnicamente denominado como Sulfato de Calcio Dihidratado, el cual es ampliamente reconocido en el mundo por sus funciones de enmedador y\/o acondicionador de suelos. Algunos beneficios del Calcio y Azufre contenido en Yeso Agr\u00edcola Maximo son:<\/p>\n<ul>\n<li>Elimina el exceso de sales y sodio del suelo generada por el riego con agua de mala calidad o por el exceso de fertilizantes.<\/li>\n<li>Corrige la superficie de los suelos eliminando la formaci\u00f3n de costra, permitiendo la filtraci\u00f3n de agua y reduciendo la escorrent\u00eda.<\/li>\n<li>Aumenta el contenido del calcio y azufre en los suelos.<\/li>\n<li>Disminuye la toxicidad de los metales pesados en suelos y plantas.<\/li>\n<li>Es un soporte para generar un balance entre el magnesio, el potasio y los micronutrientes.<\/li>\n<\/ul>\n<p><strong>% Pureza (CaSO4 &#8211; 2H2O)<br \/>\n<\/strong>De 90 a 96 %<br \/>\n<strong>% de Calcio<\/strong><br \/>\nDe 18.5 a 22.0 %<br \/>\n<strong>% de Azufre<\/strong><br \/>\nDe 14.8 a 17.5 %<br \/>\n<strong>% de Retenido<\/strong><br \/>\nDe 9 al 2 % de retenido en malla #100.<\/p>\n","protected":false},"featured_media":502,"comment_status":"open","ping_status":"closed","template":"","meta":{"site-sidebar-layout":"default","site-content-layout":"default","ast-site-content-layout":"default","site-content-style":"default","site-sidebar-style":"default","ast-global-header-display":"","ast-banner-title-visibility":"","ast-main-header-display":"","ast-hfb-above-header-display":"","ast-hfb-below-header-display":"","ast-hfb-mobile-header-display":"","site-post-title":"","ast-breadcrumbs-content":"","ast-featured-img":"","footer-sml-layout":"","ast-disable-related-posts":"","theme-transparent-header-meta":"default","adv-header-id-meta":"","stick-header-meta":"","header-above-stick-meta":"","header-main-stick-meta":"","header-below-stick-meta":"","astra-migrate-meta-layouts":"default","ast-page-background-enabled":"default","ast-page-background-meta":{"desktop":{"background-color":"var(--ast-global-color-4)","background-image":"","background-repeat":"repeat","background-position":"center center","background-size":"auto","background-attachment":"scroll","background-type":"","background-media":"","overlay-type":"","overlay-color":"","overlay-opacity":"","overlay-gradient":""},"tablet":{"background-color":"","background-image":"","background-repeat":"repeat","background-position":"center center","background-size":"auto","background-attachment":"scroll","background-type":"","background-media":"","overlay-type":"","overlay-color":"","overlay-opacity":"","overlay-gradient":""},"mobile":{"background-color":"","background-image":"","background-repeat":"repeat","background-position":"center center","background-size":"auto","background-attachment":"scroll","background-type":"","background-media":"","overlay-type":"","overlay-color":"","overlay-opacity":"","overlay-gradient":""}},"ast-content-background-meta":{"desktop":{"background-color":"var(--ast-global-color-5)","background-image":"","background-repeat":"repeat","background-position":"center center","background-size":"auto","background-attachment":"scroll","background-type":"","background-media":"","overlay-type":"","overlay-color":"","overlay-opacity":"","overlay-gradient":""},"tablet":{"background-color":"var(--ast-global-color-5)","background-image":"","background-repeat":"repeat","background-position":"center center","background-size":"auto","background-attachment":"scroll","background-type":"","background-media":"","overlay-type":"","overlay-color":"","overlay-opacity":"","overlay-gradient":""},"mobile":{"background-color":"var(--ast-global-color-5)","background-image":"","background-repeat":"repeat","background-position":"center center","background-size":"auto","background-attachment":"scroll","background-type":"","background-media":"","overlay-type":"","overlay-color":"","overlay-opacity":"","overlay-gradient":""}}},"product_cat":[21,23],"product_tag":[],"class_list":["post-499","product","type-product","status-publish","has-post-thumbnail","hentry","product_cat-productos","product_cat-productos-agricolas","desktop-align-left","tablet-align-left","mobile-align-left"],"_links":{"self":[{"href":"https:\/\/amdp.agromineralesdelpacifico.com\/index.php\/wp-json\/wp\/v2\/product\/499","targetHints":{"allow":["GET"]}}],"collection":[{"href":"https:\/\/amdp.agromineralesdelpacifico.com\/index.php\/wp-json\/wp\/v2\/product"}],"about":[{"href":"https:\/\/amdp.agromineralesdelpacifico.com\/index.php\/wp-json\/wp\/v2\/types\/product"}],"replies":[{"embeddable":true,"href":"https:\/\/amdp.agromineralesdelpacifico.com\/index.php\/wp-json\/wp\/v2\/comments?post=499"}],"wp:featuredmedia":[{"embeddable":true,"href":"https:\/\/amdp.agromineralesdelpacifico.com\/index.php\/wp-json\/wp\/v2\/media\/502"}],"wp:attachment":[{"href":"https:\/\/amdp.agromineralesdelpacifico.com\/index.php\/wp-json\/wp\/v2\/media?parent=499"}],"wp:term":[{"taxonomy":"product_cat","embeddable":true,"href":"https:\/\/amdp.agromineralesdelpacifico.com\/index.php\/wp-json\/wp\/v2\/product_cat?post=499"},{"taxonomy":"product_tag","embeddable":true,"href":"https:\/\/amdp.agromineralesdelpacifico.com\/index.php\/wp-json\/wp\/v2\/product_tag?post=499"}],"curies":[{"name":"wp","href":"https:\/\/api.w.org\/{rel}","templated":true}]}}