{"id":515,"date":"2022-05-29T19:42:39","date_gmt":"2022-05-29T19:42:39","guid":{"rendered":"https:\/\/amdp.agromineralesdelpacifico.com\/?post_type=product&#038;p=515"},"modified":"2022-05-29T19:42:39","modified_gmt":"2022-05-29T19:42:39","slug":"humi-one-consorcio-fungicida-20lt","status":"publish","type":"product","link":"https:\/\/amdp.agromineralesdelpacifico.com\/index.php\/product\/humi-one-consorcio-fungicida-20lt\/","title":{"rendered":"Humi-One Consorcio &#8211; Fungicida 20LT"},"content":{"rendered":"<p>Control biol\u00f3gico de insectos con capacidad de solubilizar F\u00f3sforo y fijar Nitr\u00f3geno, desdoblar y fijar nutrientes.<\/p>\n","protected":false},"excerpt":{"rendered":"<p>Consorcio microbiano apto para la agricultura org\u00e1nica y sustentable, con propiedades de Insecticida biol\u00f3gico y acci\u00f3n fungicida, capaz de solubilizar f\u00f3sforo y fijar nitr\u00f3geno atmosf\u00e9rico.<br \/>\nConsorcio microbiano apto para la agricultura org\u00e1nica y sustentable, tiene las propiedades de acci\u00f3n de insecticida biol\u00f3gico por sus contenidos de cepas y esporas que en su facultad est\u00e1 la infestaci\u00f3n de insectos plaga como: trips, mosca blanca, pulgones, ara\u00f1a roja, \u00e1caros, palomillas, gallina ciega, gusano cogollero, picudo del chile y algod\u00f3n, entre otros.<br \/>\nTambi\u00e9n tiene acci\u00f3n fungicida biol\u00f3gico atacando a Pythium, Phytophthora, Fusarium, Sclerosis, Rhizoctonia, Verticilium, Oidium, Botrytis, Alternaria, Rhizopus, Tizon, Colletotrichum, Erwinia y Pseudomonas entre otros. Tiene la capacidad de solubilizar F\u00f3sforo y fijar Nitr\u00f3geno atmosf\u00e9rico consecuencia de dos cepas capaces de metabolizar estos elementos, mejoran el suelo, da mayor oxigenaci\u00f3n, desintegran materia org\u00e1nica y equilibran la flora ben\u00e9fica del suelo.<\/p>\n","protected":false},"featured_media":517,"comment_status":"open","ping_status":"closed","template":"","meta":{"site-sidebar-layout":"default","site-content-layout":"default","ast-site-content-layout":"default","site-content-style":"default","site-sidebar-style":"default","ast-global-header-display":"","ast-banner-title-visibility":"","ast-main-header-display":"","ast-hfb-above-header-display":"","ast-hfb-below-header-display":"","ast-hfb-mobile-header-display":"","site-post-title":"","ast-breadcrumbs-content":"","ast-featured-img":"","footer-sml-layout":"","ast-disable-related-posts":"","theme-transparent-header-meta":"default","adv-header-id-meta":"","stick-header-meta":"","header-above-stick-meta":"","header-main-stick-meta":"","header-below-stick-meta":"","astra-migrate-meta-layouts":"default","ast-page-background-enabled":"default","ast-page-background-meta":{"desktop":{"background-color":"var(--ast-global-color-4)","background-image":"","background-repeat":"repeat","background-position":"center center","background-size":"auto","background-attachment":"scroll","background-type":"","background-media":"","overlay-type":"","overlay-color":"","overlay-opacity":"","overlay-gradient":""},"tablet":{"background-color":"","background-image":"","background-repeat":"repeat","background-position":"center center","background-size":"auto","background-attachment":"scroll","background-type":"","background-media":"","overlay-type":"","overlay-color":"","overlay-opacity":"","overlay-gradient":""},"mobile":{"background-color":"","background-image":"","background-repeat":"repeat","background-position":"center center","background-size":"auto","background-attachment":"scroll","background-type":"","background-media":"","overlay-type":"","overlay-color":"","overlay-opacity":"","overlay-gradient":""}},"ast-content-background-meta":{"desktop":{"background-color":"var(--ast-global-color-5)","background-image":"","background-repeat":"repeat","background-position":"center center","background-size":"auto","background-attachment":"scroll","background-type":"","background-media":"","overlay-type":"","overlay-color":"","overlay-opacity":"","overlay-gradient":""},"tablet":{"background-color":"var(--ast-global-color-5)","background-image":"","background-repeat":"repeat","background-position":"center center","background-size":"auto","background-attachment":"scroll","background-type":"","background-media":"","overlay-type":"","overlay-color":"","overlay-opacity":"","overlay-gradient":""},"mobile":{"background-color":"var(--ast-global-color-5)","background-image":"","background-repeat":"repeat","background-position":"center center","background-size":"auto","background-attachment":"scroll","background-type":"","background-media":"","overlay-type":"","overlay-color":"","overlay-opacity":"","overlay-gradient":""}}},"product_cat":[21,23],"product_tag":[],"class_list":["post-515","product","type-product","status-publish","has-post-thumbnail","hentry","product_cat-productos","product_cat-productos-agricolas","desktop-align-left","tablet-align-left","mobile-align-left"],"_links":{"self":[{"href":"https:\/\/amdp.agromineralesdelpacifico.com\/index.php\/wp-json\/wp\/v2\/product\/515","targetHints":{"allow":["GET"]}}],"collection":[{"href":"https:\/\/amdp.agromineralesdelpacifico.com\/index.php\/wp-json\/wp\/v2\/product"}],"about":[{"href":"https:\/\/amdp.agromineralesdelpacifico.com\/index.php\/wp-json\/wp\/v2\/types\/product"}],"replies":[{"embeddable":true,"href":"https:\/\/amdp.agromineralesdelpacifico.com\/index.php\/wp-json\/wp\/v2\/comments?post=515"}],"wp:featuredmedia":[{"embeddable":true,"href":"https:\/\/amdp.agromineralesdelpacifico.com\/index.php\/wp-json\/wp\/v2\/media\/517"}],"wp:attachment":[{"href":"https:\/\/amdp.agromineralesdelpacifico.com\/index.php\/wp-json\/wp\/v2\/media?parent=515"}],"wp:term":[{"taxonomy":"product_cat","embeddable":true,"href":"https:\/\/amdp.agromineralesdelpacifico.com\/index.php\/wp-json\/wp\/v2\/product_cat?post=515"},{"taxonomy":"product_tag","embeddable":true,"href":"https:\/\/amdp.agromineralesdelpacifico.com\/index.php\/wp-json\/wp\/v2\/product_tag?post=515"}],"curies":[{"name":"wp","href":"https:\/\/api.w.org\/{rel}","templated":true}]}}