{"id":531,"date":"2022-05-29T20:01:58","date_gmt":"2022-05-29T20:01:58","guid":{"rendered":"https:\/\/amdp.agromineralesdelpacifico.com\/?post_type=product&#038;p=531"},"modified":"2022-05-29T20:01:58","modified_gmt":"2022-05-29T20:01:58","slug":"harina-de-roca-dioxido-de-silicio-y-minerales-40kg","status":"publish","type":"product","link":"https:\/\/amdp.agromineralesdelpacifico.com\/index.php\/product\/harina-de-roca-dioxido-de-silicio-y-minerales-40kg\/","title":{"rendered":"Harina de Roca &#8211; Di\u00f3xido de Silicio y minerales 40KG"},"content":{"rendered":"<p>Contribuye a la conservaci\u00f3n de los suelos, fomenta la fructificaci\u00f3n, mejora la calidad de los productos cosechados. En suelos \u00e1cidos facilita la asimilaci\u00f3n, activa las ra\u00edces y aumenta la precocidad.<\/p>\n","protected":false},"excerpt":{"rendered":"<p>Las Harinas de Roca contribuyen a la conservaci\u00f3n de los suelos, fomenta la fructificaci\u00f3n, mejora la calidad de los productos cosechados, en suelos \u00e1cidos facilita la asimilaci\u00f3n, activa las ra\u00edces y aumenta la precocidad. Adem\u00e1s aporta una importante cantidad de\u00a0f\u00f3sforo en los productos balanceados. Presenta una efectividad como formador de suelo, aportador de nutrientes b\u00e1sicos y de elementos secundarios y micronutrientes y asimismo contiene las denominadas \u201ctierras raras\u201d que cumplen un papel muy importante en el desarrollo de los sistemas de defensa de las plantas (la producci\u00f3n de fitoalexinas por la producci\u00f3n de fosfitos) as\u00ed como en la calidad nutrac\u00e9utica de los alimentos.<br \/>\nOtras ventajas:<\/p>\n<ul>\n<li>Aportaci\u00f3n gradual de elementos nutritivos generales<\/li>\n<li>Aporta Silicio, F\u00f3sforo, Potasio disponible y m\u00e1s de 60 elementos<\/li>\n<li>Ayuda a regular el pH del suelo neutraliz\u00e1ndolo y disminuyendo la conductividad el\u00e9ctrica y aumentando la actividad microbiana al adherirse a la materia org\u00e1nica regulando el calcio y magnesio de acuerdo a su condici\u00f3n de sales o acides.<\/li>\n<li>Mejora e incrementa la Capacidad de Intercambio Cati\u00f3nico, por su porosidad y forma permiten la acumulaci\u00f3n de humedad y el paso de aire a su vez, guarda 5 veces su peso en agua, teniendo una densidad aparente de .900 gr\/l<\/li>\n<li>Aumenta y cataliza la disponibilidad y transmisi\u00f3n celular de los minerales para las plantas y el hombre<\/li>\n<li>Constituye un almac\u00e9n para cationes y aniones intercambiables y aprovechables que son liberados paulatinamente (lenta liberaci\u00f3n, poca movilidad ascendente y descendente por carga el\u00e9ctrica)<\/li>\n<li>Aumenta la resistencia de las plantas contra las enfermedades en la formaci\u00f3n de fitoalexinas liberadas por fosfitos y promotores de defensa inducida.<\/li>\n<li>Favorece el desarrollo de la microbiolog\u00eda ben\u00e9fica del suelo y aumenta la biomasa de suelo con humus y actividad formaci\u00f3n de nuevos suelos.<\/li>\n<li>Reduce la erosi\u00f3n del suelo y de uso de agua al aumentar sus caracter\u00edsticas ben\u00e9ficas en aspectos f\u00edsicos (permeabilidad, dispersibilidad, aireaci\u00f3n, movimiento de nutrientes en alta actividad bacteriana solubilizando fosforo, movilizando la bomba de potasio en relaci\u00f3n al calcio, magnesio, azufre, boro y zinc.<\/li>\n<li>Elimina el uso de agroqu\u00edmicos.<\/li>\n<\/ul>\n","protected":false},"featured_media":539,"comment_status":"open","ping_status":"closed","template":"","meta":{"site-sidebar-layout":"default","site-content-layout":"default","ast-site-content-layout":"default","site-content-style":"default","site-sidebar-style":"default","ast-global-header-display":"","ast-banner-title-visibility":"","ast-main-header-display":"","ast-hfb-above-header-display":"","ast-hfb-below-header-display":"","ast-hfb-mobile-header-display":"","site-post-title":"","ast-breadcrumbs-content":"","ast-featured-img":"","footer-sml-layout":"","ast-disable-related-posts":"","theme-transparent-header-meta":"default","adv-header-id-meta":"","stick-header-meta":"","header-above-stick-meta":"","header-main-stick-meta":"","header-below-stick-meta":"","astra-migrate-meta-layouts":"default","ast-page-background-enabled":"default","ast-page-background-meta":{"desktop":{"background-color":"var(--ast-global-color-4)","background-image":"","background-repeat":"repeat","background-position":"center center","background-size":"auto","background-attachment":"scroll","background-type":"","background-media":"","overlay-type":"","overlay-color":"","overlay-opacity":"","overlay-gradient":""},"tablet":{"background-color":"","background-image":"","background-repeat":"repeat","background-position":"center center","background-size":"auto","background-attachment":"scroll","background-type":"","background-media":"","overlay-type":"","overlay-color":"","overlay-opacity":"","overlay-gradient":""},"mobile":{"background-color":"","background-image":"","background-repeat":"repeat","background-position":"center center","background-size":"auto","background-attachment":"scroll","background-type":"","background-media":"","overlay-type":"","overlay-color":"","overlay-opacity":"","overlay-gradient":""}},"ast-content-background-meta":{"desktop":{"background-color":"var(--ast-global-color-5)","background-image":"","background-repeat":"repeat","background-position":"center center","background-size":"auto","background-attachment":"scroll","background-type":"","background-media":"","overlay-type":"","overlay-color":"","overlay-opacity":"","overlay-gradient":""},"tablet":{"background-color":"var(--ast-global-color-5)","background-image":"","background-repeat":"repeat","background-position":"center center","background-size":"auto","background-attachment":"scroll","background-type":"","background-media":"","overlay-type":"","overlay-color":"","overlay-opacity":"","overlay-gradient":""},"mobile":{"background-color":"var(--ast-global-color-5)","background-image":"","background-repeat":"repeat","background-position":"center center","background-size":"auto","background-attachment":"scroll","background-type":"","background-media":"","overlay-type":"","overlay-color":"","overlay-opacity":"","overlay-gradient":""}}},"product_cat":[21,23],"product_tag":[],"class_list":["post-531","product","type-product","status-publish","has-post-thumbnail","hentry","product_cat-productos","product_cat-productos-agricolas","desktop-align-left","tablet-align-left","mobile-align-left"],"_links":{"self":[{"href":"https:\/\/amdp.agromineralesdelpacifico.com\/index.php\/wp-json\/wp\/v2\/product\/531","targetHints":{"allow":["GET"]}}],"collection":[{"href":"https:\/\/amdp.agromineralesdelpacifico.com\/index.php\/wp-json\/wp\/v2\/product"}],"about":[{"href":"https:\/\/amdp.agromineralesdelpacifico.com\/index.php\/wp-json\/wp\/v2\/types\/product"}],"replies":[{"embeddable":true,"href":"https:\/\/amdp.agromineralesdelpacifico.com\/index.php\/wp-json\/wp\/v2\/comments?post=531"}],"wp:featuredmedia":[{"embeddable":true,"href":"https:\/\/amdp.agromineralesdelpacifico.com\/index.php\/wp-json\/wp\/v2\/media\/539"}],"wp:attachment":[{"href":"https:\/\/amdp.agromineralesdelpacifico.com\/index.php\/wp-json\/wp\/v2\/media?parent=531"}],"wp:term":[{"taxonomy":"product_cat","embeddable":true,"href":"https:\/\/amdp.agromineralesdelpacifico.com\/index.php\/wp-json\/wp\/v2\/product_cat?post=531"},{"taxonomy":"product_tag","embeddable":true,"href":"https:\/\/amdp.agromineralesdelpacifico.com\/index.php\/wp-json\/wp\/v2\/product_tag?post=531"}],"curies":[{"name":"wp","href":"https:\/\/api.w.org\/{rel}","templated":true}]}}