{"id":545,"date":"2022-05-29T20:10:47","date_gmt":"2022-05-29T20:10:47","guid":{"rendered":"https:\/\/amdp.agromineralesdelpacifico.com\/?post_type=product&#038;p=545"},"modified":"2022-05-29T20:10:47","modified_gmt":"2022-05-29T20:10:47","slug":"diatomix-dioxido-de-silicio-amorfo-18kg","status":"publish","type":"product","link":"https:\/\/amdp.agromineralesdelpacifico.com\/index.php\/product\/diatomix-dioxido-de-silicio-amorfo-18kg\/","title":{"rendered":"Diatomix &#8211; Di\u00f3xido de Silicio Amorfo 18KG"},"content":{"rendered":"<p>Coadyuva y estimula el crecimiento de la planta aumentando el n\u00famero y tama\u00f1o de tricomas, previniendo el da\u00f1o por plagas y enfermedades.<\/p>\n","protected":false},"excerpt":{"rendered":"<p>El Silicio es un elemento de gran importancia que estimula el crecimiento de la planta (entendido el crecimiento como la acumulaci\u00f3n irreversible de materia seca asociada con procesos de elongaci\u00f3n y crecimiento celular) y aumenta la disponibilidad de elementos esenciales, al contrarrestar el antagonismo generado en suelos con alta saturaci\u00f3n de aluminio y hierro. El Si ha sido utilizado para prevenir los da\u00f1os por plagas y enfermedades en casi todos los cultivos.<\/p>\n<p>La forma del alga fosilizada aumenta la capacidad de retenci\u00f3n de agua, optimiza el plan de fertilizaci\u00f3n y proporciona a la planta todos los beneficios del silicio biodisponible. El silicio forma parte de la estructura de los tricomas, pelillos que actuan como barrera contra insectos y hongos. El silicio incrementa el numero y tama\u00f1o de tricomas estructurales y glandulares, este es el mecanismo por el cual el silicio mejora e incrementa la resistencia de los cultivos al ataque de insectos, hongos y bacterias.<\/p>\n<p>Por su forma f\u00edsica ayuda en la captura de humedad e insumos agr\u00edcolas y los mantiene disponibles para las plantas por un tiempo m\u00e1s prolongado.<br \/>\nLa forma del alga fosilizada aumenta la capacidad de retenci\u00f3n de agua y optimiza el plan de fertilizaci\u00f3n al capturar los ferrilizantes haciendolos de lenta liberaci\u00f3n, ayuda a la captura de metales pesados en el suelo.<br \/>\nEl silicio en la planta genera estructuras que ayudan a dar mas grados brix, mayor tama\u00f1o o calibre, mejor enraizamiento y mayor vida en anaquel.<br \/>\nDiatomix\u00ae contiene una calidad extremadamente pura en Di\u00f3xido de Silicio, es un alga diatomea sin contaminantes y de origen de agua dulce.<\/p>\n","protected":false},"featured_media":555,"comment_status":"open","ping_status":"closed","template":"","meta":{"site-sidebar-layout":"default","site-content-layout":"default","ast-site-content-layout":"default","site-content-style":"default","site-sidebar-style":"default","ast-global-header-display":"","ast-banner-title-visibility":"","ast-main-header-display":"","ast-hfb-above-header-display":"","ast-hfb-below-header-display":"","ast-hfb-mobile-header-display":"","site-post-title":"","ast-breadcrumbs-content":"","ast-featured-img":"","footer-sml-layout":"","ast-disable-related-posts":"","theme-transparent-header-meta":"default","adv-header-id-meta":"","stick-header-meta":"","header-above-stick-meta":"","header-main-stick-meta":"","header-below-stick-meta":"","astra-migrate-meta-layouts":"default","ast-page-background-enabled":"default","ast-page-background-meta":{"desktop":{"background-color":"var(--ast-global-color-4)","background-image":"","background-repeat":"repeat","background-position":"center center","background-size":"auto","background-attachment":"scroll","background-type":"","background-media":"","overlay-type":"","overlay-color":"","overlay-opacity":"","overlay-gradient":""},"tablet":{"background-color":"","background-image":"","background-repeat":"repeat","background-position":"center center","background-size":"auto","background-attachment":"scroll","background-type":"","background-media":"","overlay-type":"","overlay-color":"","overlay-opacity":"","overlay-gradient":""},"mobile":{"background-color":"","background-image":"","background-repeat":"repeat","background-position":"center center","background-size":"auto","background-attachment":"scroll","background-type":"","background-media":"","overlay-type":"","overlay-color":"","overlay-opacity":"","overlay-gradient":""}},"ast-content-background-meta":{"desktop":{"background-color":"var(--ast-global-color-5)","background-image":"","background-repeat":"repeat","background-position":"center center","background-size":"auto","background-attachment":"scroll","background-type":"","background-media":"","overlay-type":"","overlay-color":"","overlay-opacity":"","overlay-gradient":""},"tablet":{"background-color":"var(--ast-global-color-5)","background-image":"","background-repeat":"repeat","background-position":"center center","background-size":"auto","background-attachment":"scroll","background-type":"","background-media":"","overlay-type":"","overlay-color":"","overlay-opacity":"","overlay-gradient":""},"mobile":{"background-color":"var(--ast-global-color-5)","background-image":"","background-repeat":"repeat","background-position":"center center","background-size":"auto","background-attachment":"scroll","background-type":"","background-media":"","overlay-type":"","overlay-color":"","overlay-opacity":"","overlay-gradient":""}}},"product_cat":[21,23],"product_tag":[],"class_list":["post-545","product","type-product","status-publish","has-post-thumbnail","hentry","product_cat-productos","product_cat-productos-agricolas","desktop-align-left","tablet-align-left","mobile-align-left"],"_links":{"self":[{"href":"https:\/\/amdp.agromineralesdelpacifico.com\/index.php\/wp-json\/wp\/v2\/product\/545","targetHints":{"allow":["GET"]}}],"collection":[{"href":"https:\/\/amdp.agromineralesdelpacifico.com\/index.php\/wp-json\/wp\/v2\/product"}],"about":[{"href":"https:\/\/amdp.agromineralesdelpacifico.com\/index.php\/wp-json\/wp\/v2\/types\/product"}],"replies":[{"embeddable":true,"href":"https:\/\/amdp.agromineralesdelpacifico.com\/index.php\/wp-json\/wp\/v2\/comments?post=545"}],"wp:featuredmedia":[{"embeddable":true,"href":"https:\/\/amdp.agromineralesdelpacifico.com\/index.php\/wp-json\/wp\/v2\/media\/555"}],"wp:attachment":[{"href":"https:\/\/amdp.agromineralesdelpacifico.com\/index.php\/wp-json\/wp\/v2\/media?parent=545"}],"wp:term":[{"taxonomy":"product_cat","embeddable":true,"href":"https:\/\/amdp.agromineralesdelpacifico.com\/index.php\/wp-json\/wp\/v2\/product_cat?post=545"},{"taxonomy":"product_tag","embeddable":true,"href":"https:\/\/amdp.agromineralesdelpacifico.com\/index.php\/wp-json\/wp\/v2\/product_tag?post=545"}],"curies":[{"name":"wp","href":"https:\/\/api.w.org\/{rel}","templated":true}]}}